{"id":32,"date":"2025-06-09T01:37:25","date_gmt":"2025-06-09T01:37:25","guid":{"rendered":"https:\/\/grupoagrosurssamy.com\/?page_id=32"},"modified":"2026-02-11T16:59:52","modified_gmt":"2026-02-11T16:59:52","slug":"nuestras-empresas","status":"publish","type":"page","link":"https:\/\/grupoagrosurssamy.com\/singreso\/nuestras-empresas\/","title":{"rendered":"NUESTRAS EMPRESAS"},"content":{"rendered":"\t\t<div data-elementor-type=\"wp-page\" data-elementor-id=\"32\" class=\"elementor elementor-32\">\n\t\t\t\t<div class=\"elementor-element elementor-element-1b57075 e-flex e-con-boxed wpr-particle-no wpr-jarallax-no wpr-parallax-no wpr-sticky-section-no wpr-equal-height-no e-con e-parent\" data-id=\"1b57075\" data-element_type=\"container\" data-e-type=\"container\" data-settings=\"{&quot;background_background&quot;:&quot;classic&quot;}\">\n\t\t\t\t\t<div class=\"e-con-inner\">\n\t\t\t\t<div class=\"elementor-element elementor-element-d8b9d42 elementor-widget elementor-widget-heading\" data-id=\"d8b9d42\" data-element_type=\"widget\" data-e-type=\"widget\" data-widget_type=\"heading.default\">\n\t\t\t\t<div class=\"elementor-widget-container\">\n\t\t\t\t\t<h2 class=\"elementor-heading-title elementor-size-default\">NUESTRAS EMPRESAS<\/h2>\t\t\t\t<\/div>\n\t\t\t\t<\/div>\n\t\t\t\t\t<\/div>\n\t\t\t\t<\/div>\n\t\t<div class=\"elementor-element elementor-element-15425b9 e-flex e-con-boxed wpr-particle-no wpr-jarallax-no wpr-parallax-no wpr-sticky-section-no wpr-equal-height-no e-con e-parent\" data-id=\"15425b9\" data-element_type=\"container\" data-e-type=\"container\" data-settings=\"{&quot;background_background&quot;:&quot;classic&quot;}\">\n\t\t\t\t\t<div class=\"e-con-inner\">\n\t\t\t\t<div class=\"elementor-element elementor-element-eb30364 elementor-widget elementor-widget-spacer\" data-id=\"eb30364\" data-element_type=\"widget\" data-e-type=\"widget\" data-widget_type=\"spacer.default\">\n\t\t\t\t<div class=\"elementor-widget-container\">\n\t\t\t\t\t\t\t<div class=\"elementor-spacer\">\n\t\t\t<div class=\"elementor-spacer-inner\"><\/div>\n\t\t<\/div>\n\t\t\t\t\t\t<\/div>\n\t\t\t\t<\/div>\n\t\t<div class=\"elementor-element elementor-element-71982b1 e-grid e-con-full wpr-particle-no wpr-jarallax-no wpr-parallax-no wpr-sticky-section-no wpr-equal-height-no e-con e-child\" data-id=\"71982b1\" data-element_type=\"container\" data-e-type=\"container\">\n\t\t\t\t<div class=\"elementor-element elementor-element-2bb6216 elementor-widget elementor-widget-image\" data-id=\"2bb6216\" data-element_type=\"widget\" data-e-type=\"widget\" data-widget_type=\"image.default\">\n\t\t\t\t<div class=\"elementor-widget-container\">\n\t\t\t\t\t\t\t\t\t\t\t\t\t\t\t<img fetchpriority=\"high\" decoding=\"async\" width=\"800\" height=\"450\" src=\"https:\/\/grupoagrosurssamy.com\/singreso\/wp-content\/uploads\/2025\/06\/3-1024x576.png\" class=\"attachment-large size-large wp-image-61\" alt=\"\" srcset=\"https:\/\/grupoagrosurssamy.com\/singreso\/wp-content\/uploads\/2025\/06\/3-1024x576.png 1024w, https:\/\/grupoagrosurssamy.com\/singreso\/wp-content\/uploads\/2025\/06\/3-300x169.png 300w, https:\/\/grupoagrosurssamy.com\/singreso\/wp-content\/uploads\/2025\/06\/3-768x432.png 768w, https:\/\/grupoagrosurssamy.com\/singreso\/wp-content\/uploads\/2025\/06\/3-1536x864.png 1536w, https:\/\/grupoagrosurssamy.com\/singreso\/wp-content\/uploads\/2025\/06\/3.png 1920w\" sizes=\"(max-width: 800px) 100vw, 800px\" \/>\t\t\t\t\t\t\t\t\t\t\t\t\t\t\t<\/div>\n\t\t\t\t<\/div>\n\t\t<div class=\"elementor-element elementor-element-a75df3f e-grid e-con-full wpr-particle-no wpr-jarallax-no wpr-parallax-no wpr-sticky-section-no wpr-equal-height-no e-con e-child\" data-id=\"a75df3f\" data-element_type=\"container\" data-e-type=\"container\">\n\t\t\t\t<div class=\"elementor-element elementor-element-bf9c7e6 elementor-widget elementor-widget-heading\" data-id=\"bf9c7e6\" data-element_type=\"widget\" data-e-type=\"widget\" data-widget_type=\"heading.default\">\n\t\t\t\t<div class=\"elementor-widget-container\">\n\t\t\t\t\t<h2 class=\"elementor-heading-title elementor-size-default\">TRADING AGROSUR <br> SSAMY SAC<\/h2>\t\t\t\t<\/div>\n\t\t\t\t<\/div>\n\t\t\t\t<div class=\"elementor-element elementor-element-6ea584e elementor-widget elementor-widget-text-editor\" data-id=\"6ea584e\" data-element_type=\"widget\" data-e-type=\"widget\" data-widget_type=\"text-editor.default\">\n\t\t\t\t<div class=\"elementor-widget-container\">\n\t\t\t\t\t\t\t\t\t<p>Somos una empresa exportadora especializada en granos andinos y menestras de alta calidad: quinua, frejoles, lentejas y m\u00e1s. Comprometidos con la sostenibilidad, la trazabilidad y el sabor aut\u00e9ntico de nuestra tierra.<\/p>\t\t\t\t\t\t\t\t<\/div>\n\t\t\t\t<\/div>\n\t\t<div class=\"elementor-element elementor-element-ec1fc33 e-con-full content-botones e-flex wpr-particle-no wpr-jarallax-no wpr-parallax-no wpr-sticky-section-no wpr-equal-height-no e-con e-child\" data-id=\"ec1fc33\" data-element_type=\"container\" data-e-type=\"container\">\n\t\t\t\t<div class=\"elementor-element elementor-element-49b9239 elementor-widget elementor-widget-button\" data-id=\"49b9239\" data-element_type=\"widget\" data-e-type=\"widget\" data-widget_type=\"button.default\">\n\t\t\t\t<div class=\"elementor-widget-container\">\n\t\t\t\t\t\t\t\t\t<div class=\"elementor-button-wrapper\">\n\t\t\t\t\t<a class=\"elementor-button elementor-button-link elementor-size-sm\" href=\"https:\/\/grupoagrosurssamy.com\/wp-content\/uploads\/2026\/02\/doc-20250326-wa0098-250712-181744.pdf\" target=\"_blank\">\n\t\t\t\t\t\t<span class=\"elementor-button-content-wrapper\">\n\t\t\t\t\t\t\t\t\t<span class=\"elementor-button-text\">Cat\u00e1logo de productos 1<\/span>\n\t\t\t\t\t<\/span>\n\t\t\t\t\t<\/a>\n\t\t\t\t<\/div>\n\t\t\t\t\t\t\t\t<\/div>\n\t\t\t\t<\/div>\n\t\t\t\t<div class=\"elementor-element elementor-element-fffe80c elementor-widget elementor-widget-button\" data-id=\"fffe80c\" data-element_type=\"widget\" data-e-type=\"widget\" data-widget_type=\"button.default\">\n\t\t\t\t<div class=\"elementor-widget-container\">\n\t\t\t\t\t\t\t\t\t<div class=\"elementor-button-wrapper\">\n\t\t\t\t\t<a class=\"elementor-button elementor-button-link elementor-size-sm\" href=\"https:\/\/grupoagrosurssamy.com\/wp-content\/uploads\/2026\/02\/diagrama-de-flujo-menestras-y-legumbres-secas-202-250712-182353.pdf\" target=\"_blank\">\n\t\t\t\t\t\t<span class=\"elementor-button-content-wrapper\">\n\t\t\t\t\t\t\t\t\t<span class=\"elementor-button-text\">Cat\u00e1logo de productos 2<\/span>\n\t\t\t\t\t<\/span>\n\t\t\t\t\t<\/a>\n\t\t\t\t<\/div>\n\t\t\t\t\t\t\t\t<\/div>\n\t\t\t\t<\/div>\n\t\t\t\t<\/div>\n\t\t\t\t<\/div>\n\t\t\t\t<\/div>\n\t\t\t\t<div class=\"elementor-element elementor-element-ff46ce5 elementor-widget elementor-widget-spacer\" data-id=\"ff46ce5\" data-element_type=\"widget\" data-e-type=\"widget\" data-widget_type=\"spacer.default\">\n\t\t\t\t<div class=\"elementor-widget-container\">\n\t\t\t\t\t\t\t<div class=\"elementor-spacer\">\n\t\t\t<div class=\"elementor-spacer-inner\"><\/div>\n\t\t<\/div>\n\t\t\t\t\t\t<\/div>\n\t\t\t\t<\/div>\n\t\t\t\t\t<\/div>\n\t\t\t\t<\/div>\n\t\t\t\t<\/div>\n\t\t","protected":false},"excerpt":{"rendered":"<p>NUESTRAS EMPRESAS TRADING AGROSUR SSAMY SAC Somos una empresa exportadora especializada en granos andinos y menestras de alta calidad: quinua, frejoles, lentejas y m\u00e1s. Comprometidos con la sostenibilidad, la trazabilidad y el sabor aut\u00e9ntico de nuestra tierra. Cat\u00e1logo de productos 1 Cat\u00e1logo de productos 2<\/p>\n","protected":false},"author":1,"featured_media":0,"parent":0,"menu_order":0,"comment_status":"closed","ping_status":"closed","template":"","meta":{"_eb_attr":"","footnotes":""},"class_list":["post-32","page","type-page","status-publish","hentry"],"_links":{"self":[{"href":"https:\/\/grupoagrosurssamy.com\/singreso\/wp-json\/wp\/v2\/pages\/32","targetHints":{"allow":["GET"]}}],"collection":[{"href":"https:\/\/grupoagrosurssamy.com\/singreso\/wp-json\/wp\/v2\/pages"}],"about":[{"href":"https:\/\/grupoagrosurssamy.com\/singreso\/wp-json\/wp\/v2\/types\/page"}],"author":[{"embeddable":true,"href":"https:\/\/grupoagrosurssamy.com\/singreso\/wp-json\/wp\/v2\/users\/1"}],"replies":[{"embeddable":true,"href":"https:\/\/grupoagrosurssamy.com\/singreso\/wp-json\/wp\/v2\/comments?post=32"}],"version-history":[{"count":11,"href":"https:\/\/grupoagrosurssamy.com\/singreso\/wp-json\/wp\/v2\/pages\/32\/revisions"}],"predecessor-version":[{"id":183,"href":"https:\/\/grupoagrosurssamy.com\/singreso\/wp-json\/wp\/v2\/pages\/32\/revisions\/183"}],"wp:attachment":[{"href":"https:\/\/grupoagrosurssamy.com\/singreso\/wp-json\/wp\/v2\/media?parent=32"}],"curies":[{"name":"wp","href":"https:\/\/api.w.org\/{rel}","templated":true}]}}